{"id":7,"date":"2025-09-08T18:01:43","date_gmt":"2025-09-08T18:01:43","guid":{"rendered":"https:\/\/aglobud.pl\/?page_id=7"},"modified":"2025-09-08T18:02:50","modified_gmt":"2025-09-08T18:02:50","slug":"strona-glowna","status":"publish","type":"page","link":"https:\/\/premiumdom.pl\/","title":{"rendered":"Strona g\u0142\u00f3wna"},"content":{"rendered":"        <section class=\"page-section bg-light portfolio\" id=\"inwestycje\">\n            <div class=\"container\">\n                <div class=\"text-center\">\n                    <h2 class=\"section-heading text-uppercase\">Inwestycje<\/h2>\n                    <h3 class=\"section-subheading text-muted\">Aktualne przedsi\u0119wzi\u0119cia deweloperskie<\/h3>\n                <\/div>\n                <div class=\"row\">\n\t\t\t\t\t\t\t\t\t\t\t\t\t\t\t\t\t\t\n\t\t\t\t\t\t\t\n\t\t\t\t\t\t\t<div class=\"col-lg-4 col-sm-6 mb-4\">\n\t\t\t\t\t\t\t\t<div class=\"portfolio-item\">\n\t\t\t\t\t\t\t\t\t<a class=\"portfolio-link\" href=\"https:\/\/premiumdom.pl\/?investitions=osiedle-lawendowa-polana-olszewnica-stara\">\n\t\t\t\t\t\t\t\t\t\t<div class=\"portfolio-hover\">\n\t\t\t\t\t\t\t\t\t\t\t<div class=\"portfolio-hover-content\"><i class=\"fas fa-plus fa-3x\"><\/i><\/div>\n\t\t\t\t\t\t\t\t\t\t<\/div>\n\t\t\t\t\t\t\t\t\t\t<img decoding=\"async\" class=\"img-fluid\" src=\"https:\/\/premiumdom.pl\/wp-content\/uploads\/2025\/09\/optima-scaled-1-1024x505.jpg\" alt=\"Osiedle Lawendowa Polana Olszewnica Stara\" \/>\n\t\t\t\t\t\t\t\t\t<\/a>\n\t\t\t\t\t\t\t\t\t<div class=\"portfolio-caption\">\n\t\t\t\t\t\t\t\t\t\t<div class=\"portfolio-caption-heading\">Osiedle Lawendowa Polana Olszewnica Stara<\/div>\n\t\t\t\t\t\t\t\t\t\t<div class=\"portfolio-caption-subheading text-muted\">Lawendowa Polana \u2013 Twoje miejsce w sercu natury Zamieszkaj tam, gdzie spok\u00f3j spotyka si\u0119 z wygod\u0105 \u2013 na Lawendowej Polanie, nowoczesnym osiedlu 19 dom\u00f3w jednorodzinnych, po\u0142o\u017conym w malowniczej okolicy Olszewnicy Starej, przy ul. Sielskiej. To wyj\u0105tkowe miejsce, gdzie codzienno\u015b\u0107 zwalnia tempo, a kontakt z natur\u0105 staje si\u0119 cz\u0119\u015bci\u0105 stylu \u017cycia. Lawendowa Polana to harmonijne po\u0142\u0105czenie [&hellip;]<\/div>\n\t\t\t\t\t\t\t\t\t<\/div>\n\t\t\t\t\t\t\t\t<\/div>\n\t\t\t\t\t\t\t<\/div>\n\t\t\t\t\t\t\t\t\t\t\t\n\t\t\t\t\t                <\/div>\n            <\/div>\n        <\/section>\n        \n\n\n        <section class=\"page-section contact\" id=\"kontakt\" style=\"\">\n            <div class=\"container\">\n                <div class=\"text-center\">\n                    <h2 class=\"section-heading text-uppercase\">Dane kontaktowe<\/h2>\n                    <h3 class=\"section-subheading text-muted\">Zapraszamy do kontaktu<\/h3>\n                <\/div>\n\n\t\t\t\t<div class=\"row align-items-stretch mb-5\">\n\t\t\t\t\t<div class=\"row gy-5\">\n\n\t\t\t\t\t\t<!-- Dane firmy -->\n\t\t\t\t\t\t<div class=\"col-md-4\">\n\t\t\t\t\t\t\t\n\n\t\t\t\t\t\t\t\n\t\t\t\t\t\t\t<!-- <h4 class=\"f-big fw-bold mb-3\">Deweloper<\/h4> -->\n\t\t\t\t\t\t\t\n\t\t\t\t\t\t\t<a class=\"d-block mb-2 col-6\" href=\"https:\/\/premiumdom.pl\/\">\n\t\t\t\t\t\t\t\t<img decoding=\"async\" class=\"w-100\" src=\"https:\/\/premiumdom.pl\/wp-content\/uploads\/2025\/09\/cropped-logo-1.png\" alt=\"...\" \/>\n\t\t\t\t\t\t\t<\/a>\n\t\t\t\t\t\t\t\n\t\t\t\t\t\t\t<p ><strong>PREMIUM DOM Konrad D\u0105browski<\/strong><\/p>\n\t\t\t\t\t\t\t\t\t\t\t\t\t\t\t<p class=\"mb-1\">Dzia\u0142alno\u015b\u0107 Gospodarcza<\/p>\n\t\t\t\t\t\t\t\t\t\t\t\t\t\t<p class=\"mb-1\">NIP: 5361705552<\/p>\n\t\t\t\t\t\t\t\t\t\t\t\t\t\t\t<p class=\"mb-1\">REGON: 140954886<\/p>\n\t\t\t\t\t\t\t\t\t\t\t\t\t\t\t\t\t\t\t\t\t\t\t\t\t\t\t\t\t<p class=\"mb-1\">CEiDG: 5361705552<\/p>\n\t\t\t\t\t\t\t\t\t\t\t\t\t<\/div>\n\n\t\t\t\t\t\t<!-- Adresy -->\n\t\t\t\t\t\t<div class=\"col-md-4\">\n\t\t\t\t\t\t\t<h4 class=\"fw-bold mb-3\">Adresy<\/h4>\n\t\t\t\t\t\t\t<p class=\"mb-2\"><strong>Siedziba:<\/strong><br>Zegrzy\u0144ska 20, 05-110, Jab\u0142onna, gm. Jab\u0142onna, pow. Legionowski, Mazowieckie<\/p>\n\t\t\t\t\t\t\t<p class=\"mb-2\"><strong>Sprzeda\u017c:<\/strong><br>ul. Warszawska 98, 05-123, Olszewnica Stara, gm. Wieliszew, pow. Legionowski, Mazowieckie<\/p>\n\t\t\t\t\t\t\t\t\t\t\t\t\t<\/div>\n\n\t\t\t\t\t\t<!-- Kontakt -->\n\t\t\t\t\t\t<div class=\"col-md-4\">\n\t\t\t\t\t\t\t<h4 class=\"fw-bold mb-3\">Kontakt<\/h4>\n\t\t\t\t\t\t\t\t\t\t\t\t\t\t\t\t\t\t\t\t\t\t\t\t<p class=\"mb-1\">\n\t\t\t\t\t\t\t\t\t\t<i class=\"fa fa-phone\"><\/i>\n\t\t\t\t\t\t\t\t\t\t<a href=\"tel:608416216\">\n\t\t\t\t\t\t\t\t\t\t\t608416216\t\t\t\t\t\t\t\t\t\t<\/a>\n\t\t\t\t\t\t\t\t\t\t\t\t\t\t\t\t\t\t\t\t\t<small class=\"text-muted\"> (Biuro sprzeda\u017cy)<\/small>\n\t\t\t\t\t\t\t\t\t\t\t\t\t\t\t\t\t\t\t<\/p>\n\t\t\t\t\t\t\t\t\t\t\t\t\t\t\t\t\t\t\t\t\t\t\t\t\t\t\t\t\t\t<p class=\"mb-1\"><i class=\"fa fa-envelope\"><\/i> <a href=\"mailto:biuro@premiumdom.pl\">biuro@premiumdom.pl<\/a><\/p>\n\t\t\t\t\t\t\t\t\t\t\t\t\t\t\t\t\t\t\t\t\t\t\t\t\t\t\t\t\t<p class=\"mb-1\"><i class=\"fa fa-globe\"><\/i> <a href=\"http:\/\/www.premiumdom.pl\" target=\"_blank\">www.premiumdom.pl<\/a><\/p>\n\t\t\t\t\t\t\t\t\t\t\t\t\t\t\t\t\t\t\t\t\t\t<p class=\"mt-2\"><small><em>Preferowany kontakt: kontakt telefoniczny i mailowy lub osobisty w biurze sprzeda\u017cy<\/em><\/small><\/p>\n\t\t\t\t\t\t\t\t\t\t\t\t\t<\/div>\n\n\t\t\t\t\t<\/div>\n\t\t\t\t<\/div>\n\t\t\t<\/div>\n\t\t<\/section>\n        \n","protected":false},"excerpt":{"rendered":"","protected":false},"author":1,"featured_media":0,"parent":0,"menu_order":0,"comment_status":"closed","ping_status":"closed","template":"","meta":{"footnotes":""},"class_list":["post-7","page","type-page","status-publish","hentry"],"yoast_head":"<!-- This site is optimized with the Yoast SEO plugin v25.9 - https:\/\/yoast.com\/wordpress\/plugins\/seo\/ -->\n<title>Strona g\u0142\u00f3wna - Premium Dom Konrad D\u0105browski<\/title>\n<meta name=\"robots\" content=\"index, follow, max-snippet:-1, max-image-preview:large, max-video-preview:-1\" \/>\n<link rel=\"canonical\" href=\"https:\/\/premiumdom.pl\/\" \/>\n<meta property=\"og:locale\" content=\"pl_PL\" \/>\n<meta property=\"og:type\" content=\"article\" \/>\n<meta property=\"og:title\" content=\"Strona g\u0142\u00f3wna - Premium Dom Konrad D\u0105browski\" \/>\n<meta property=\"og:url\" content=\"https:\/\/premiumdom.pl\/\" \/>\n<meta property=\"og:site_name\" content=\"Premium Dom Konrad D\u0105browski\" \/>\n<meta property=\"article:modified_time\" content=\"2025-09-08T18:02:50+00:00\" \/>\n<meta name=\"twitter:card\" content=\"summary_large_image\" \/>\n<script type=\"application\/ld+json\" class=\"yoast-schema-graph\">{\"@context\":\"https:\/\/schema.org\",\"@graph\":[{\"@type\":\"WebPage\",\"@id\":\"https:\/\/premiumdom.pl\/\",\"url\":\"https:\/\/premiumdom.pl\/\",\"name\":\"Strona g\u0142\u00f3wna - Premium Dom Konrad D\u0105browski\",\"isPartOf\":{\"@id\":\"https:\/\/premiumdom.pl\/#website\"},\"datePublished\":\"2025-09-08T18:01:43+00:00\",\"dateModified\":\"2025-09-08T18:02:50+00:00\",\"breadcrumb\":{\"@id\":\"https:\/\/premiumdom.pl\/#breadcrumb\"},\"inLanguage\":\"pl-PL\",\"potentialAction\":[{\"@type\":\"ReadAction\",\"target\":[\"https:\/\/premiumdom.pl\/\"]}]},{\"@type\":\"BreadcrumbList\",\"@id\":\"https:\/\/premiumdom.pl\/#breadcrumb\",\"itemListElement\":[{\"@type\":\"ListItem\",\"position\":1,\"name\":\"Home\",\"item\":\"https:\/\/premiumdom.pl\/\"},{\"@type\":\"ListItem\",\"position\":2,\"name\":\"Strona g\u0142\u00f3wna\"}]},{\"@type\":\"WebSite\",\"@id\":\"https:\/\/premiumdom.pl\/#website\",\"url\":\"https:\/\/premiumdom.pl\/\",\"name\":\"Premium Dom Konrad D\u0105browski\",\"description\":\"Budowa dom\u00f3w w okolicy Legionowo, Chotom\u00f3w, Olszewnica Stara, Skrzeszew, domy bezczynszowe i jednorodzinne\",\"publisher\":{\"@id\":\"https:\/\/premiumdom.pl\/#organization\"},\"potentialAction\":[{\"@type\":\"SearchAction\",\"target\":{\"@type\":\"EntryPoint\",\"urlTemplate\":\"https:\/\/premiumdom.pl\/?s={search_term_string}\"},\"query-input\":{\"@type\":\"PropertyValueSpecification\",\"valueRequired\":true,\"valueName\":\"search_term_string\"}}],\"inLanguage\":\"pl-PL\"},{\"@type\":\"Organization\",\"@id\":\"https:\/\/premiumdom.pl\/#organization\",\"name\":\"Premium Dom Konrad D\u0105browski\",\"url\":\"https:\/\/premiumdom.pl\/\",\"logo\":{\"@type\":\"ImageObject\",\"inLanguage\":\"pl-PL\",\"@id\":\"https:\/\/premiumdom.pl\/#\/schema\/logo\/image\/\",\"url\":\"https:\/\/premiumdom.pl\/wp-content\/uploads\/2025\/09\/cropped-logo-1.png\",\"contentUrl\":\"https:\/\/premiumdom.pl\/wp-content\/uploads\/2025\/09\/cropped-logo-1.png\",\"width\":400,\"height\":267,\"caption\":\"Premium Dom Konrad D\u0105browski\"},\"image\":{\"@id\":\"https:\/\/premiumdom.pl\/#\/schema\/logo\/image\/\"}}]}<\/script>\n<!-- \/ Yoast SEO plugin. -->","yoast_head_json":{"title":"Strona g\u0142\u00f3wna - Premium Dom Konrad D\u0105browski","robots":{"index":"index","follow":"follow","max-snippet":"max-snippet:-1","max-image-preview":"max-image-preview:large","max-video-preview":"max-video-preview:-1"},"canonical":"https:\/\/premiumdom.pl\/","og_locale":"pl_PL","og_type":"article","og_title":"Strona g\u0142\u00f3wna - Premium Dom Konrad D\u0105browski","og_url":"https:\/\/premiumdom.pl\/","og_site_name":"Premium Dom Konrad D\u0105browski","article_modified_time":"2025-09-08T18:02:50+00:00","twitter_card":"summary_large_image","schema":{"@context":"https:\/\/schema.org","@graph":[{"@type":"WebPage","@id":"https:\/\/premiumdom.pl\/","url":"https:\/\/premiumdom.pl\/","name":"Strona g\u0142\u00f3wna - Premium Dom Konrad D\u0105browski","isPartOf":{"@id":"https:\/\/premiumdom.pl\/#website"},"datePublished":"2025-09-08T18:01:43+00:00","dateModified":"2025-09-08T18:02:50+00:00","breadcrumb":{"@id":"https:\/\/premiumdom.pl\/#breadcrumb"},"inLanguage":"pl-PL","potentialAction":[{"@type":"ReadAction","target":["https:\/\/premiumdom.pl\/"]}]},{"@type":"BreadcrumbList","@id":"https:\/\/premiumdom.pl\/#breadcrumb","itemListElement":[{"@type":"ListItem","position":1,"name":"Home","item":"https:\/\/premiumdom.pl\/"},{"@type":"ListItem","position":2,"name":"Strona g\u0142\u00f3wna"}]},{"@type":"WebSite","@id":"https:\/\/premiumdom.pl\/#website","url":"https:\/\/premiumdom.pl\/","name":"Premium Dom Konrad D\u0105browski","description":"Budowa dom\u00f3w w okolicy Legionowo, Chotom\u00f3w, Olszewnica Stara, Skrzeszew, domy bezczynszowe i jednorodzinne","publisher":{"@id":"https:\/\/premiumdom.pl\/#organization"},"potentialAction":[{"@type":"SearchAction","target":{"@type":"EntryPoint","urlTemplate":"https:\/\/premiumdom.pl\/?s={search_term_string}"},"query-input":{"@type":"PropertyValueSpecification","valueRequired":true,"valueName":"search_term_string"}}],"inLanguage":"pl-PL"},{"@type":"Organization","@id":"https:\/\/premiumdom.pl\/#organization","name":"Premium Dom Konrad D\u0105browski","url":"https:\/\/premiumdom.pl\/","logo":{"@type":"ImageObject","inLanguage":"pl-PL","@id":"https:\/\/premiumdom.pl\/#\/schema\/logo\/image\/","url":"https:\/\/premiumdom.pl\/wp-content\/uploads\/2025\/09\/cropped-logo-1.png","contentUrl":"https:\/\/premiumdom.pl\/wp-content\/uploads\/2025\/09\/cropped-logo-1.png","width":400,"height":267,"caption":"Premium Dom Konrad D\u0105browski"},"image":{"@id":"https:\/\/premiumdom.pl\/#\/schema\/logo\/image\/"}}]}},"_links":{"self":[{"href":"https:\/\/premiumdom.pl\/index.php?rest_route=\/wp\/v2\/pages\/7","targetHints":{"allow":["GET"]}}],"collection":[{"href":"https:\/\/premiumdom.pl\/index.php?rest_route=\/wp\/v2\/pages"}],"about":[{"href":"https:\/\/premiumdom.pl\/index.php?rest_route=\/wp\/v2\/types\/page"}],"author":[{"embeddable":true,"href":"https:\/\/premiumdom.pl\/index.php?rest_route=\/wp\/v2\/users\/1"}],"replies":[{"embeddable":true,"href":"https:\/\/premiumdom.pl\/index.php?rest_route=%2Fwp%2Fv2%2Fcomments&post=7"}],"version-history":[{"count":2,"href":"https:\/\/premiumdom.pl\/index.php?rest_route=\/wp\/v2\/pages\/7\/revisions"}],"predecessor-version":[{"id":11,"href":"https:\/\/premiumdom.pl\/index.php?rest_route=\/wp\/v2\/pages\/7\/revisions\/11"}],"wp:attachment":[{"href":"https:\/\/premiumdom.pl\/index.php?rest_route=%2Fwp%2Fv2%2Fmedia&parent=7"}],"curies":[{"name":"wp","href":"https:\/\/api.w.org\/{rel}","templated":true}]}}